{"id":2120,"date":"2025-08-29T17:35:26","date_gmt":"2025-08-29T16:35:26","guid":{"rendered":"https:\/\/fr-tts.ferdaouswp.com\/?page_id=2120"},"modified":"2025-09-09T14:52:19","modified_gmt":"2025-09-09T13:52:19","slug":"termes-et-conditions","status":"publish","type":"page","link":"https:\/\/attacmaroc.org\/fr\/termes-et-conditions\/","title":{"rendered":"Termes et Conditions"},"content":{"rendered":"\t\t<div data-elementor-type=\"wp-page\" data-elementor-id=\"2120\" class=\"elementor elementor-2120\" data-elementor-post-type=\"page\">\n\t\t\t\t<div class=\"elementor-element elementor-element-740c2c6 e-con-full e-flex e-con e-parent\" data-id=\"740c2c6\" data-element_type=\"container\" data-e-type=\"container\" data-settings=\"{&quot;background_background&quot;:&quot;classic&quot;}\">\n\t\t<div class=\"elementor-element elementor-element-6727f2a e-con-full e-flex e-con e-child\" data-id=\"6727f2a\" data-element_type=\"container\" data-e-type=\"container\">\n\t\t\t\t<\/div>\n\t\t\t\t<\/div>\n\t\t<div class=\"elementor-element elementor-element-9da109c e-flex e-con-boxed e-con e-parent\" data-id=\"9da109c\" data-element_type=\"container\" data-e-type=\"container\" data-settings=\"{&quot;background_background&quot;:&quot;classic&quot;}\">\n\t\t\t\t\t<div class=\"e-con-inner\">\n\t\t<div class=\"elementor-element elementor-element-35b404d e-con-full e-flex e-con e-child\" data-id=\"35b404d\" data-element_type=\"container\" data-e-type=\"container\">\n\t\t\t\t<div class=\"elementor-element elementor-element-9b0cff9 elementor-widget elementor-widget-text-editor\" data-id=\"9b0cff9\" data-element_type=\"widget\" data-e-type=\"widget\" data-widget_type=\"text-editor.default\">\n\t\t\t\t\t\t\t\t\t<p>Derni\u00e8re mise \u00e0 jour : 29 ao\u00fbt 2025<\/p><p>Veuillez lire attentivement ces termes et conditions avant d&rsquo;utiliser notre Service.<\/p><h2>Interpr\u00e9tation et D\u00e9finitions<\/h2><h3>Interpr\u00e9tation<\/h3><p>Les mots dont la premi\u00e8re lettre est en majuscule ont des significations d\u00e9finies dans les conditions suivantes. Les d\u00e9finitions suivantes ont la m\u00eame signification qu&rsquo;ils apparaissent au singulier ou au pluriel.<\/p><h3>D\u00e9finitions<\/h3><p>Aux fins de ces Termes et Conditions :<\/p><ul><li><p><strong>Filiale<\/strong> d\u00e9signe une entit\u00e9 qui contr\u00f4le, est contr\u00f4l\u00e9e par ou est sous contr\u00f4le commun avec une partie, o\u00f9 \u00ab\u00a0contr\u00f4le\u00a0\u00bb signifie la propri\u00e9t\u00e9 de 50 % ou plus des actions, int\u00e9r\u00eats en capital ou autres titres donnant droit de vote pour l&rsquo;\u00e9lection des administrateurs ou autre autorit\u00e9 de gestion.<\/p><\/li><li><p><strong>Pays<\/strong> d\u00e9signe : Maroc<\/p><\/li><li><p><strong>Entreprise<\/strong> (d\u00e9sign\u00e9e comme \u00ab\u00a0l&rsquo;Entreprise\u00a0\u00bb, \u00ab\u00a0Nous\u00a0\u00bb, \u00ab\u00a0Notre\u00a0\u00bb ou \u00ab\u00a0Nos\u00a0\u00bb dans cet accord) d\u00e9signe ATTAC Maroc, N 140, rue ELKADI LBRIBRI ELAKKARI, RABAT.<\/p><\/li><li><p><strong>Appareil<\/strong> d\u00e9signe tout appareil pouvant acc\u00e9der au Service, tel qu&rsquo;un ordinateur, un t\u00e9l\u00e9phone portable ou une tablette num\u00e9rique.<\/p><\/li><li><p><strong>Service<\/strong> d\u00e9signe le Site Web.<\/p><\/li><li><p><strong>Termes et Conditions<\/strong> (\u00e9galement appel\u00e9s \u00ab\u00a0Termes\u00a0\u00bb) d\u00e9signent ces Termes et Conditions qui constituent l&rsquo;int\u00e9gralit\u00e9 de l&rsquo;accord entre Vous et l&rsquo;Entreprise concernant l&rsquo;utilisation du Service.\u00a0<\/p><\/li><li><p><strong>Service de m\u00e9dias sociaux tiers<\/strong> d\u00e9signe tout service ou contenu (y compris donn\u00e9es, informations, produits ou services) fourni par un tiers qui peut \u00eatre affich\u00e9, inclus ou rendu disponible par le Service.<\/p><\/li><li><p><strong>Site Web<\/strong> d\u00e9signe ATTAC Maroc, accessible depuis <a href=\"https:\/\/www.attacmaroc.org\/\" target=\"_blank\" rel=\"external nofollow noopener\">https:\/\/www.attacmaroc.org\/fr<\/a><\/p><\/li><li><p><strong>Vous<\/strong> d\u00e9signe l&rsquo;individu acc\u00e9dant ou utilisant le Service, ou l&rsquo;entreprise, ou toute autre entit\u00e9 l\u00e9gale au nom de laquelle cet individu acc\u00e8de ou utilise le Service, selon le cas.<\/p><\/li><\/ul><h2>Reconnaissance<\/h2><p>Ce sont les Termes et Conditions r\u00e9gissant l&rsquo;utilisation de ce Service et l&rsquo;accord entre Vous et l&rsquo;Entreprise. Ces Termes et Conditions d\u00e9finissent les droits et obligations de tous les utilisateurs concernant l&rsquo;utilisation du Service.<\/p><p>Votre acc\u00e8s et utilisation du Service d\u00e9pendent de votre acceptation et respect de ces Termes et Conditions. Ces Termes et Conditions s&rsquo;appliquent \u00e0 tous les visiteurs, utilisateurs et autres qui acc\u00e8dent ou utilisent le Service.<\/p><p>En acc\u00e9dant ou en utilisant le Service, Vous acceptez d&rsquo;\u00eatre li\u00e9 par ces Termes et Conditions. Si Vous n&rsquo;\u00eates pas d&rsquo;accord avec une partie de ces Termes et Conditions, Vous ne devez pas acc\u00e9der au Service.<\/p><p>Vous d\u00e9clarez avoir plus de 18 ans. L&rsquo;Entreprise n&rsquo;autorise pas les personnes de moins de 18 ans \u00e0 utiliser le Service.<\/p><p>Votre acc\u00e8s et utilisation du Service d\u00e9pendent \u00e9galement de votre acceptation et respect de la Politique de Confidentialit\u00e9 de l&rsquo;Entreprise. Notre Politique de Confidentialit\u00e9 d\u00e9crit nos politiques et proc\u00e9dures concernant la collecte, l&rsquo;utilisation et la divulgation de vos informations personnelles lorsque vous utilisez l&rsquo;Application ou le Site Web et vous informe de vos droits \u00e0 la confidentialit\u00e9 et de la mani\u00e8re dont la loi vous prot\u00e8ge. Veuillez lire attentivement notre Politique de Confidentialit\u00e9 avant d&rsquo;utiliser notre Service.<\/p><h2>Liens vers d&rsquo;autres sites Web<\/h2><p>Notre Service peut contenir des liens vers des sites web ou services tiers qui ne sont pas d\u00e9tenus ou contr\u00f4l\u00e9s par l&rsquo;Entreprise.<\/p><p>L&rsquo;Entreprise n&rsquo;a aucun contr\u00f4le et n&rsquo;assume aucune responsabilit\u00e9 pour le contenu, les politiques de confidentialit\u00e9 ou les pratiques de tout site ou service tiers. Vous reconnaissez et acceptez en outre que l&rsquo;Entreprise ne sera pas responsable, directement ou indirectement, de tout dommage ou perte caus\u00e9 ou pr\u00e9tendument caus\u00e9 par l&rsquo;utilisation ou la confiance sur un tel contenu, biens ou services disponibles sur ou via ces sites ou services.<\/p><p>Nous vous recommandons vivement de lire les termes et conditions et les politiques de confidentialit\u00e9 de tout site web ou service tiers que Vous visitez.<\/p><h2>R\u00e9siliation<\/h2><p>Nous pouvons r\u00e9silier ou suspendre votre acc\u00e8s imm\u00e9diatement, sans pr\u00e9avis ni responsabilit\u00e9, pour quelque raison que ce soit, y compris sans limitation si Vous violez ces Termes et Conditions.<\/p><p>Lors de la r\u00e9siliation, votre droit d&rsquo;utiliser le Service prendra imm\u00e9diatement fin.<\/p><h2>Limitation de responsabilit\u00e9<\/h2><p>Nonobstant tout dommage que Vous pourriez subir, la responsabilit\u00e9 totale de l&rsquo;Entreprise et de ses fournisseurs en vertu de toute disposition de ces Termes et votre recours exclusif pour ce qui pr\u00e9c\u00e8de sera limit\u00e9 au montant effectivement pay\u00e9 par Vous via le Service ou 100 USD si Vous n&rsquo;avez rien achet\u00e9 via le Service.<\/p><p>Dans la mesure maximale permise par la loi applicable, en aucun cas l&rsquo;Entreprise ou ses fournisseurs ne seront responsables de tout dommage sp\u00e9cial, accessoire, indirect ou cons\u00e9cutif (y compris, mais sans s&rsquo;y limiter, les dommages pour perte de profits, perte de donn\u00e9es ou autres informations, interruption d&rsquo;activit\u00e9, blessures personnelles, perte de confidentialit\u00e9 d\u00e9coulant de ou en relation avec l&rsquo;utilisation ou l&rsquo;incapacit\u00e9 \u00e0 utiliser le Service, logiciel tiers et\/ou mat\u00e9riel tiers utilis\u00e9 avec le Service, ou autrement en lien avec toute disposition de ces Termes), m\u00eame si l&rsquo;Entreprise ou un fournisseur a \u00e9t\u00e9 inform\u00e9 de la possibilit\u00e9 de tels dommages et m\u00eame si le recours \u00e9choue dans son but essentiel.<\/p><p>Certaines juridictions n&rsquo;autorisent pas l&rsquo;exclusion de garanties implicites ou la limitation de responsabilit\u00e9 pour dommages accessoires ou cons\u00e9cutifs, ce qui signifie que certaines limitations ci-dessus peuvent ne pas s&rsquo;appliquer. Dans ces juridictions, la responsabilit\u00e9 de chaque partie sera limit\u00e9e dans la plus grande mesure permise par la loi.<\/p><h2>Avertissement \u00ab\u00a0TEL QUEL\u00a0\u00bb et \u00ab\u00a0DISPONIBLE\u00a0\u00bb<\/h2><p>Le Service est fourni \u00ab\u00a0TEL QUEL\u00a0\u00bb et \u00ab\u00a0DISPONIBLE\u00a0\u00bb avec tous les d\u00e9fauts et sans aucune garantie. Dans la mesure maximale permise par la loi applicable, l&rsquo;Entreprise, en son nom et au nom de ses Filiales et de leurs conc\u00e9dants et fournisseurs respectifs, d\u00e9cline express\u00e9ment toutes garanties, explicites ou implicites, l\u00e9gales ou autres, concernant le Service, y compris toutes garanties implicites de qualit\u00e9 marchande, d&rsquo;ad\u00e9quation \u00e0 un usage particulier, de titre et de non-violation, et garanties pouvant d\u00e9couler des pratiques commerciales. L&rsquo;Entreprise ne garantit pas que le Service r\u00e9pondra \u00e0 vos exigences, produira les r\u00e9sultats escompt\u00e9s, sera compatible ou fonctionnera avec tout autre logiciel, application, syst\u00e8me ou service, fonctionnera sans interruption, respectera des normes de performance ou de fiabilit\u00e9 ou sera exempt d&rsquo;erreurs, ni que les erreurs ou d\u00e9fauts pourront \u00eatre corrig\u00e9s.<\/p><h2>Droit applicable<\/h2><p>Les lois du Pays, \u00e0 l&rsquo;exclusion de ses r\u00e8gles sur les conflits de lois, r\u00e9giront ces Termes et votre utilisation du Service. Votre utilisation de l&rsquo;Application peut \u00e9galement \u00eatre soumise \u00e0 d&rsquo;autres lois locales, nationales ou internationales.<\/p><h2>R\u00e9solution des litiges<\/h2><p>En cas de pr\u00e9occupation ou de litige concernant le Service, Vous acceptez de tenter de r\u00e9soudre le diff\u00e9rend de mani\u00e8re informelle en contactant l&rsquo;Entreprise.<\/p><h2>Pour les utilisateurs de l&rsquo;Union Europ\u00e9enne (UE)<\/h2><p>Si Vous \u00eates consommateur dans l&rsquo;Union Europ\u00e9enne, vous b\u00e9n\u00e9ficierez de toute disposition obligatoire de la loi du pays dans lequel Vous r\u00e9sidez.<\/p><h2>Conformit\u00e9 l\u00e9gale aux \u00c9tats-Unis<\/h2><p>Vous d\u00e9clarez et garantissez que (i) Vous n&rsquo;\u00eates pas situ\u00e9 dans un pays soumis \u00e0 un embargo du gouvernement des \u00c9tats-Unis, ou d\u00e9sign\u00e9 par le gouvernement des \u00c9tats-Unis comme pays \u00ab\u00a0soutenant le terrorisme\u00a0\u00bb, et (ii) Vous ne figurez sur aucune liste du gouvernement des \u00c9tats-Unis de parties interdites ou restreintes.<\/p><h2>Divisibilit\u00e9 et renonciation<\/h2><h3>Divisibilit\u00e9<\/h3><p>Si une disposition de ces Termes est jug\u00e9e inex\u00e9cutable ou invalide, cette disposition sera modifi\u00e9e et interpr\u00e9t\u00e9e pour atteindre au maximum ses objectifs selon la loi applicable et les autres dispositions resteront pleinement en vigueur.<\/p><h3>Renonciation<\/h3><p>Sauf indication contraire, le fait de ne pas exercer un droit ou d&rsquo;exiger l&rsquo;ex\u00e9cution d&rsquo;une obligation en vertu de ces Termes n&rsquo;affecte pas la capacit\u00e9 d&rsquo;une partie \u00e0 exercer ce droit ult\u00e9rieurement et ne constitue pas une renonciation \u00e0 toute violation ult\u00e9rieure.<\/p><h2>Interpr\u00e9tation de la traduction<\/h2><p>Ces Termes et Conditions peuvent avoir \u00e9t\u00e9 traduits si Nous les avons rendus disponibles sur notre Service. Vous acceptez que le texte anglais original pr\u00e9vaille en cas de litige.<\/p><h2>Modifications de ces Termes et Conditions<\/h2><p>Nous nous r\u00e9servons le droit, \u00e0 notre seule discr\u00e9tion, de modifier ou remplacer ces Termes \u00e0 tout moment. Si une r\u00e9vision est substantielle, Nous ferons des efforts raisonnables pour fournir au moins 30 jours de pr\u00e9avis avant l&rsquo;entr\u00e9e en vigueur de nouvelles conditions. Ce qui constitue un changement substantiel sera d\u00e9termin\u00e9 \u00e0 notre seule discr\u00e9tion.<\/p><p>En continuant \u00e0 acc\u00e9der ou \u00e0 utiliser notre Service apr\u00e8s l&rsquo;entr\u00e9e en vigueur de ces r\u00e9visions, Vous acceptez d&rsquo;\u00eatre li\u00e9 par les Termes r\u00e9vis\u00e9s. Si Vous n&rsquo;acceptez pas les nouvelles conditions, en tout ou en partie, veuillez cesser d&rsquo;utiliser le site Web et le Service.<\/p><h2>Contactez-nous<\/h2><p>Si vous avez des questions sur ces Termes et Conditions, Vous pouvez nous contacter :<\/p><ul><li>Par e-mail : attac.cadtm.maroc@gmail.com<\/li><li>En visitant cette page sur notre site Web : <a href=\"https:\/\/attacmaroc.org\/nous-contacter\/\" target=\"_blank\" rel=\"external nofollow noopener\">https:\/\/attacmaroc.org\/fr\/nous-contacter\/<\/a><\/li><\/ul>\t\t\t\t\t\t\t\t<\/div>\n\t\t\t\t<\/div>\n\t\t\t\t\t<\/div>\n\t\t\t\t<\/div>\n\t\t\t\t<\/div>\n\t\t","protected":false},"excerpt":{"rendered":"<p>Derni\u00e8re mise \u00e0 jour : 29 ao\u00fbt 2025 Veuillez lire attentivement ces termes et conditions avant d&rsquo;utiliser notre Service. Interpr\u00e9tation et D\u00e9finitions Interpr\u00e9tation Les mots dont la premi\u00e8re lettre est en majuscule ont des significations d\u00e9finies dans les conditions suivantes. Les d\u00e9finitions suivantes ont la m\u00eame signification qu&rsquo;ils apparaissent au singulier ou au pluriel. D\u00e9finitions [&hellip;]<\/p>\n","protected":false},"author":11,"featured_media":0,"parent":0,"menu_order":0,"comment_status":"closed","ping_status":"closed","template":"","meta":{"_monsterinsights_skip_tracking":false,"_monsterinsights_sitenote_active":false,"_monsterinsights_sitenote_note":"","_monsterinsights_sitenote_category":0,"footnotes":""},"class_list":["post-2120","page","type-page","status-publish","hentry"],"_links":{"self":[{"href":"https:\/\/attacmaroc.org\/fr\/wp-json\/wp\/v2\/pages\/2120","targetHints":{"allow":["GET"]}}],"collection":[{"href":"https:\/\/attacmaroc.org\/fr\/wp-json\/wp\/v2\/pages"}],"about":[{"href":"https:\/\/attacmaroc.org\/fr\/wp-json\/wp\/v2\/types\/page"}],"author":[{"embeddable":true,"href":"https:\/\/attacmaroc.org\/fr\/wp-json\/wp\/v2\/users\/11"}],"replies":[{"embeddable":true,"href":"https:\/\/attacmaroc.org\/fr\/wp-json\/wp\/v2\/comments?post=2120"}],"version-history":[{"count":10,"href":"https:\/\/attacmaroc.org\/fr\/wp-json\/wp\/v2\/pages\/2120\/revisions"}],"predecessor-version":[{"id":2236,"href":"https:\/\/attacmaroc.org\/fr\/wp-json\/wp\/v2\/pages\/2120\/revisions\/2236"}],"wp:attachment":[{"href":"https:\/\/attacmaroc.org\/fr\/wp-json\/wp\/v2\/media?parent=2120"}],"curies":[{"name":"wp","href":"https:\/\/api.w.org\/{rel}","templated":true}]}}