{"id":1837,"date":"2025-08-28T12:16:06","date_gmt":"2025-08-28T11:16:06","guid":{"rendered":"https:\/\/fr-tts.ferdaouswp.com\/%d9%85%d9%86-%d9%86%d8%ad%d9%86-%d8%9f\/"},"modified":"2025-11-18T12:22:45","modified_gmt":"2025-11-18T11:22:45","slug":"qui-sommes-nous","status":"publish","type":"page","link":"https:\/\/attacmaroc.org\/fr\/qui-sommes-nous\/","title":{"rendered":"Qui sommes nous"},"content":{"rendered":"\t\t<div data-elementor-type=\"wp-page\" data-elementor-id=\"1837\" class=\"elementor elementor-1837\" data-elementor-post-type=\"page\">\n\t\t\t\t<div class=\"elementor-element elementor-element-1af65401 e-con-full e-flex e-con e-parent\" data-id=\"1af65401\" data-element_type=\"container\" data-e-type=\"container\" data-settings=\"{&quot;background_background&quot;:&quot;classic&quot;}\">\n\t\t<div class=\"elementor-element elementor-element-506b4727 e-con-full e-flex e-con e-child\" data-id=\"506b4727\" data-element_type=\"container\" data-e-type=\"container\">\n\t\t\t\t<\/div>\n\t\t\t\t<\/div>\n\t\t<div class=\"elementor-element elementor-element-792d7f30 e-flex e-con-boxed e-con e-parent\" data-id=\"792d7f30\" data-element_type=\"container\" data-e-type=\"container\" data-settings=\"{&quot;background_background&quot;:&quot;classic&quot;}\">\n\t\t\t\t\t<div class=\"e-con-inner\">\n\t\t<div class=\"elementor-element elementor-element-3afad4b6 e-con-full e-flex e-con e-child\" data-id=\"3afad4b6\" data-element_type=\"container\" data-e-type=\"container\">\n\t\t\t\t<div class=\"elementor-element elementor-element-630f1f1 e-transform elementor-widget elementor-widget-image\" data-id=\"630f1f1\" data-element_type=\"widget\" data-e-type=\"widget\" data-settings=\"{&quot;_transform_scale_effect&quot;:{&quot;unit&quot;:&quot;px&quot;,&quot;size&quot;:1.3,&quot;sizes&quot;:[]},&quot;_transform_scale_effect_tablet&quot;:{&quot;unit&quot;:&quot;px&quot;,&quot;size&quot;:1,&quot;sizes&quot;:[]},&quot;_transform_scale_effect_mobile&quot;:{&quot;unit&quot;:&quot;px&quot;,&quot;size&quot;:1,&quot;sizes&quot;:[]}}\" data-widget_type=\"image.default\">\n\t\t\t\t\t\t\t\t\t\t\t\t\t\t\t<img decoding=\"async\" width=\"168\" height=\"120\" src=\"https:\/\/attacmaroc.org\/fr\/wp-content\/uploads\/2025\/08\/rsz_11logo_attac.png\" class=\"attachment-1536x1536 size-1536x1536 wp-image-1775\" alt=\"\" \/>\t\t\t\t\t\t\t\t\t\t\t\t\t\t\t<\/div>\n\t\t\t\t<\/div>\n\t\t<div class=\"elementor-element elementor-element-327ec330 e-con-full e-flex e-con e-child\" data-id=\"327ec330\" data-element_type=\"container\" data-e-type=\"container\">\n\t\t\t\t<div class=\"elementor-element elementor-element-427ce4ee elementor-widget elementor-widget-text-editor\" data-id=\"427ce4ee\" data-element_type=\"widget\" data-e-type=\"widget\" data-widget_type=\"text-editor.default\">\n\t\t\t\t\t\t\t\t\t<p><strong>Qui sommes-nous ?<\/strong><\/p><p>ATTAC Maroc, Association pour la Taxation des Transactions financi\u00e8res et pour l\u2019Action Citoyenne au Maroc, a \u00e9t\u00e9 cr\u00e9\u00e9e en juillet 2000. Elle fait partie du r\u00e9seau international du Comit\u00e9 pour l\u2019abolition des dettes ill\u00e9gitimes (<strong>Ca<\/strong><b>dtm<\/b>), d\u2019o\u00f9 son appellation : <strong>ATTAC CADTM Maroc<\/strong>.<\/p><p>ATTAC CADTM Maroc lutte contre les politiques n\u00e9olib\u00e9rales dict\u00e9es par les institutions financi\u00e8res internationales (Banque mondiale, Fonds mon\u00e9taire international), l\u2019Organisation mondiale du commerce et les grandes puissances occidentales. Ces politiques, combin\u00e9es \u00e0 la nature despotique du pouvoir politique en place, constituent la cause principale du sous-d\u00e9veloppement du pays et de sa d\u00e9pendance \u00e0 l\u2019imp\u00e9rialisme.<\/p><p>ATTAC CADTM Maroc est une association d\u2019\u00e9ducation populaire tourn\u00e9e vers l\u2019action. Elle \u0153uvre au d\u00e9veloppement d\u2019alternatives populaires au syst\u00e8me capitaliste, dont le maintien menace les fondements m\u00eames de la vie sur Terre. Aux c\u00f4t\u00e9s de toutes les forces de la lutte sociale, elle cherche \u00e0 rompre avec le capitalisme pour aller vers un syst\u00e8me socialement juste, \u00e9cologiquement durable, garantissant les libert\u00e9s d\u00e9mocratiques et assurant l\u2019\u00e9galit\u00e9.<\/p><p>ATTAC CADTM Maroc lutte notamment contre :<\/p><ul><li>Les dettes priv\u00e9es ill\u00e9gitimes impos\u00e9es aux classes populaires ;<\/li><li>Les accords de libre-\u00e9change, consid\u00e9r\u00e9s comme des accords n\u00e9ocoloniaux ;<\/li><li>Les changements climatiques et la destruction de l\u2019environnement ;<\/li><li>Toutes les formes d\u2019oppression et pour l\u2019\u00e9mancipation totale des femmes.<\/li><\/ul><p>Depuis 2013, elle partage avec le CADTM Belgique les t\u00e2ches du secr\u00e9tariat international du r\u00e9seau CADTM. ATTAC CADTM Maroc travaille \u00e9galement en synergie avec d\u2019autres mouvements et r\u00e9seaux militants internationaux, tels que le Mouvement international des paysans La Via Campesina sur la question de la souverainet\u00e9 alimentaire, la campagne de Boycott, D\u00e9sinvestissement, Sanctions (BDS) contre le sionisme et pour la solidarit\u00e9 avec le peuple palestinien, ou encore la Marche mondiale des femmes. Cette insertion dans la dynamique mondiale joue un r\u00f4le essentiel dans les campagnes de solidarit\u00e9 internationale avec les luttes sociales et contre la r\u00e9pression au Maroc.<\/p><p>Au niveau africain, ainsi que dans la r\u00e9gion Afrique du Nord et Moyen-Orient (MENA), ATTAC CADTM Maroc est membre de la coordination Afrique du r\u00e9seau CADTM et du R\u00e9seau nord-africain pour la souverainet\u00e9 alimentaire, appel\u00e9 Siyada. Au niveau local, elle collabore \u00e9troitement avec les organisations de lutte et le tissu associatif progressiste.<\/p><p>ATTAC CADTM Maroc a adopt\u00e9 un fonctionnement d\u00e9mocratique et horizontal. Les orientations et les choix strat\u00e9giques de l\u2019association \u00e9manent des groupes locaux, \u00e0 travers le Conseil de coordination national, qui est la plus haute instance d\u00e9cisionnelle apr\u00e8s le congr\u00e8s national. Le Conseil national, qui se r\u00e9unit tous les quatre mois, est constitu\u00e9 des repr\u00e9sentant\u00b7e\u00b7s \u00e9lu\u00b7e\u00b7s par les groupes locaux. Seul le Secr\u00e9tariat national, en tant qu\u2019instance ex\u00e9cutive, est \u00e9lu par le congr\u00e8s qui se tient tous les trois ans. Des commissions th\u00e9matiques (femmes, \u00e9cologie, information\u2026) contribuent au fonctionnement collectif et participent au travail de formation, de recherche et d\u2019analyse.<\/p><p>Par ailleurs, ATTAC CADTM Maroc organise chaque ann\u00e9e une universit\u00e9 de printemps ainsi qu\u2019un camp de jeunes d\u2019\u00e9t\u00e9, qui sont autant d\u2019occasions de formation et de d\u00e9bats.<\/p><p>Les portes de notre association sont ouvertes \u00e0 toutes celles et tous ceux qui d\u00e9sirent contribuer \u00e0 la lutte pour la d\u00e9mocratie et la souverainet\u00e9 populaire dans notre pays.<\/p><p><strong>Un autre Maroc de dignit\u00e9, de libert\u00e9 et de justice est possible et n\u00e9cessaire.<\/strong><\/p>\t\t\t\t\t\t\t\t<\/div>\n\t\t\t\t<\/div>\n\t\t\t\t\t<\/div>\n\t\t\t\t<\/div>\n\t\t\t\t<\/div>\n\t\t","protected":false},"excerpt":{"rendered":"<p>Qui sommes-nous ? ATTAC Maroc, Association pour la Taxation des Transactions financi\u00e8res et pour l\u2019Action Citoyenne au Maroc, a \u00e9t\u00e9 cr\u00e9\u00e9e en juillet 2000. Elle fait partie du r\u00e9seau international du Comit\u00e9 pour l\u2019abolition des dettes ill\u00e9gitimes (Cadtm), d\u2019o\u00f9 son appellation : ATTAC CADTM Maroc. ATTAC CADTM Maroc lutte contre les politiques n\u00e9olib\u00e9rales dict\u00e9es par [&hellip;]<\/p>\n","protected":false},"author":11,"featured_media":0,"parent":0,"menu_order":0,"comment_status":"closed","ping_status":"closed","template":"elementor_header_footer","meta":{"_monsterinsights_skip_tracking":false,"_monsterinsights_sitenote_active":false,"_monsterinsights_sitenote_note":"","_monsterinsights_sitenote_category":0,"footnotes":""},"class_list":["post-1837","page","type-page","status-publish","hentry"],"_links":{"self":[{"href":"https:\/\/attacmaroc.org\/fr\/wp-json\/wp\/v2\/pages\/1837","targetHints":{"allow":["GET"]}}],"collection":[{"href":"https:\/\/attacmaroc.org\/fr\/wp-json\/wp\/v2\/pages"}],"about":[{"href":"https:\/\/attacmaroc.org\/fr\/wp-json\/wp\/v2\/types\/page"}],"author":[{"embeddable":true,"href":"https:\/\/attacmaroc.org\/fr\/wp-json\/wp\/v2\/users\/11"}],"replies":[{"embeddable":true,"href":"https:\/\/attacmaroc.org\/fr\/wp-json\/wp\/v2\/comments?post=1837"}],"version-history":[{"count":21,"href":"https:\/\/attacmaroc.org\/fr\/wp-json\/wp\/v2\/pages\/1837\/revisions"}],"predecessor-version":[{"id":2277,"href":"https:\/\/attacmaroc.org\/fr\/wp-json\/wp\/v2\/pages\/1837\/revisions\/2277"}],"wp:attachment":[{"href":"https:\/\/attacmaroc.org\/fr\/wp-json\/wp\/v2\/media?parent=1837"}],"curies":[{"name":"wp","href":"https:\/\/api.w.org\/{rel}","templated":true}]}}