{"id":1828,"date":"2025-08-28T12:16:06","date_gmt":"2025-08-28T11:16:06","guid":{"rendered":"https:\/\/fr-tts.ferdaouswp.com\/%d8%a7%d9%86%d8%b6%d9%85-%d8%a5%d9%84%d9%8a%d9%86%d8%a7\/"},"modified":"2025-09-06T12:34:14","modified_gmt":"2025-09-06T11:34:14","slug":"adherer","status":"publish","type":"page","link":"https:\/\/attacmaroc.org\/fr\/adherer\/","title":{"rendered":"Adh\u00e9rer"},"content":{"rendered":"\t\t<div data-elementor-type=\"wp-page\" data-elementor-id=\"1828\" class=\"elementor elementor-1828\" data-elementor-post-type=\"page\">\n\t\t\t\t<div class=\"elementor-element elementor-element-efaf55a e-con-full e-flex e-con e-parent\" data-id=\"efaf55a\" data-element_type=\"container\" data-e-type=\"container\" data-settings=\"{&quot;background_background&quot;:&quot;classic&quot;}\">\n\t\t<div class=\"elementor-element elementor-element-76d3b383 e-con-full e-flex e-con e-child\" data-id=\"76d3b383\" data-element_type=\"container\" data-e-type=\"container\">\n\t\t\t\t<\/div>\n\t\t\t\t<\/div>\n\t\t<div class=\"elementor-element elementor-element-23fc75c4 e-flex e-con-boxed e-con e-parent\" data-id=\"23fc75c4\" data-element_type=\"container\" data-e-type=\"container\" data-settings=\"{&quot;background_background&quot;:&quot;classic&quot;}\">\n\t\t\t\t\t<div class=\"e-con-inner\">\n\t\t<div class=\"elementor-element elementor-element-633dfa5e e-con-full e-flex e-con e-child\" data-id=\"633dfa5e\" data-element_type=\"container\" data-e-type=\"container\">\n\t\t\t\t<div class=\"elementor-element elementor-element-c13fcfa elementor-widget elementor-widget-image\" data-id=\"c13fcfa\" data-element_type=\"widget\" data-e-type=\"widget\" data-widget_type=\"image.default\">\n\t\t\t\t\t\t\t\t\t\t\t\t\t\t\t<img decoding=\"async\" width=\"168\" height=\"120\" src=\"https:\/\/attacmaroc.org\/fr\/wp-content\/uploads\/2025\/08\/rsz_11logo_attac.png\" class=\"attachment-1536x1536 size-1536x1536 wp-image-1775\" alt=\"\" \/>\t\t\t\t\t\t\t\t\t\t\t\t\t\t\t<\/div>\n\t\t\t\t<div class=\"elementor-element elementor-element-5e74c33d elementor-widget elementor-widget-text-editor\" data-id=\"5e74c33d\" data-element_type=\"widget\" data-e-type=\"widget\" data-widget_type=\"text-editor.default\">\n\t\t\t\t\t\t\t\t\t<p>\u00c0 travers ce guide, ATTAC Maroc, membre du r\u00e9seau international du Comit\u00e9 pour l\u2019abolition des dettes illicites (CAUD), souhaite renforcer et consolider les liens avec ses membres, notamment les nouveaux membres.<br \/>Ce guide vous fournit les informations les plus importantes sur l\u2019association, notamment les modalit\u00e9s d\u2019adh\u00e9sion, vos droits et responsabilit\u00e9s, ainsi que son fonctionnement.<br \/>Association ATAC Maroc<br \/>ATAC Maroc a \u00e9t\u00e9 officiellement cr\u00e9\u00e9e et b\u00e9n\u00e9ficie d\u2019un r\u00e9c\u00e9piss\u00e9 de d\u00e9p\u00f4t l\u00e9gal depuis 2001. L\u2019association lutte contre les politiques lib\u00e9rales impos\u00e9es aux populations les plus d\u00e9favoris\u00e9es. Il est clair que ces politiques nuisent \u00e0 l\u2019\u00e9conomie marocaine et contribuent, entre autres, \u00e0 la hausse de la pauvret\u00e9 et du ch\u00f4mage. Elles contribuent \u00e9galement \u00e0 la destruction des services publics tels que la sant\u00e9 et l\u2019\u00e9ducation.<br \/>ATAC Maroc consid\u00e8re la dette et les accords de libre-\u00e9change comme des m\u00e9canismes d\u2019ass\u00e8chement et de domination de notre pays, le privant de sa souverainet\u00e9 et de son droit \u00e0 l\u2019autod\u00e9termination. C\u2019est pourquoi l\u2019association place ces m\u00e9canismes coloniaux au c\u0153ur de son combat.<br \/>ATAC Maroc est membre du Comit\u00e9 pour l\u2019Annulation des Dettes Illicites (CAUD). Elle op\u00e8re par l\u2019interm\u00e9diaire de groupes locaux. Le Conseil National est l\u2019instance o\u00f9 sont d\u00e9battues toutes les questions int\u00e9ressant l\u2019association et se r\u00e9unit tous les quatre mois. La conf\u00e9rence, qui statue sur les questions d\u2019int\u00e9r\u00eat strat\u00e9gique pour l\u2019association, se r\u00e9unit tous les trois ans et \u00e9lit un secr\u00e9tariat national. L\u2019association dispose \u00e9galement de comit\u00e9s th\u00e9matiques\/fonctionnels nationaux.<\/p>\n<p><!-- \/wp:paragraph --><!-- wp:paragraph --><\/p>\n<p><!-- \/wp:paragraph --><!-- wp:paragraph {\"align\":\"center\"} --><\/p>\t\t\t\t\t\t\t\t<\/div>\n\t\t\t\t<\/div>\n\t\t<div class=\"elementor-element elementor-element-6d399025 e-con-full e-flex e-con e-child\" data-id=\"6d399025\" data-element_type=\"container\" data-e-type=\"container\">\n\t\t\t\t<div class=\"elementor-element elementor-element-6436a00 elementor-widget__width-initial elementor-widget-mobile__width-inherit elementor-button-align-stretch elementor-widget elementor-widget-form\" data-id=\"6436a00\" data-element_type=\"widget\" data-e-type=\"widget\" data-settings=\"{&quot;button_width&quot;:&quot;33&quot;,&quot;step_next_label&quot;:&quot;Next&quot;,&quot;step_previous_label&quot;:&quot;Previous&quot;,&quot;step_type&quot;:&quot;number_text&quot;,&quot;step_icon_shape&quot;:&quot;circle&quot;}\" data-widget_type=\"form.default\">\n\t\t\t\t\t\t\t<form class=\"elementor-form\" method=\"post\" name=\"Contact Form\" aria-label=\"Contact Form\">\n\t\t\t<input type=\"hidden\" name=\"post_id\" value=\"1828\"\/>\n\t\t\t<input type=\"hidden\" name=\"form_id\" value=\"6436a00\"\/>\n\t\t\t<input type=\"hidden\" name=\"referer_title\" value=\"Adh\u00e9rer - Attac Maroc\" \/>\n\n\t\t\t\t\t\t\t<input type=\"hidden\" name=\"queried_id\" value=\"1828\"\/>\n\t\t\t\n\t\t\t<div class=\"elementor-form-fields-wrapper elementor-labels-above\">\n\t\t\t\t\t\t\t\t<div class=\"elementor-field-type-text elementor-field-group elementor-column elementor-field-group-name elementor-col-100 elementor-field-required\">\n\t\t\t\t\t\t\t\t\t\t\t\t<label for=\"form-field-name\" class=\"elementor-field-label\">\n\t\t\t\t\t\t\t\tNom et Pr\u00e9nom\t\t\t\t\t\t\t<\/label>\n\t\t\t\t\t\t\t\t\t\t\t\t\t\t<input size=\"1\" type=\"text\" name=\"form_fields[name]\" id=\"form-field-name\" class=\"elementor-field elementor-size-sm  elementor-field-textual\" required=\"required\">\n\t\t\t\t\t\t\t\t\t\t\t<\/div>\n\t\t\t\t\t\t\t\t<div class=\"elementor-field-type-email elementor-field-group elementor-column elementor-field-group-email elementor-col-100 elementor-field-required\">\n\t\t\t\t\t\t\t\t\t\t\t\t<label for=\"form-field-email\" class=\"elementor-field-label\">\n\t\t\t\t\t\t\t\tEmail\t\t\t\t\t\t\t<\/label>\n\t\t\t\t\t\t\t\t\t\t\t\t\t\t<input size=\"1\" type=\"email\" name=\"form_fields[email]\" id=\"form-field-email\" class=\"elementor-field elementor-size-sm  elementor-field-textual\" required=\"required\">\n\t\t\t\t\t\t\t\t\t\t\t<\/div>\n\t\t\t\t\t\t\t\t<div class=\"elementor-field-type-email elementor-field-group elementor-column elementor-field-group-field_6818105 elementor-col-100\">\n\t\t\t\t\t\t\t\t\t\t\t\t<label for=\"form-field-field_6818105\" class=\"elementor-field-label\">\n\t\t\t\t\t\t\t\tL'adresse\t\t\t\t\t\t\t<\/label>\n\t\t\t\t\t\t\t\t\t\t\t\t\t\t<input size=\"1\" type=\"email\" name=\"form_fields[field_6818105]\" id=\"form-field-field_6818105\" class=\"elementor-field elementor-size-sm  elementor-field-textual\">\n\t\t\t\t\t\t\t\t\t\t\t<\/div>\n\t\t\t\t\t\t\t\t<div class=\"elementor-field-type-textarea elementor-field-group elementor-column elementor-field-group-message elementor-col-100 elementor-field-required\">\n\t\t\t\t\t\t\t\t\t\t\t\t<label for=\"form-field-message\" class=\"elementor-field-label\">\n\t\t\t\t\t\t\t\tVotre message\t\t\t\t\t\t\t<\/label>\n\t\t\t\t\t\t<textarea class=\"elementor-field-textual elementor-field  elementor-size-sm\" name=\"form_fields[message]\" id=\"form-field-message\" rows=\"4\" placeholder=\"Pourquoi voulez-vous nous rejoindre ?\" required=\"required\"><\/textarea>\t\t\t\t<\/div>\n\t\t\t\t\t\t\t\t<div class=\"elementor-field-group elementor-column elementor-field-type-submit elementor-col-33 e-form__buttons\">\n\t\t\t\t\t<button class=\"elementor-button elementor-size-sm\" type=\"submit\">\n\t\t\t\t\t\t<span class=\"elementor-button-content-wrapper\">\n\t\t\t\t\t\t\t\t\t\t\t\t\t\t\t\t\t\t\t\t\t\t<span class=\"elementor-button-text\">Envoyer<\/span>\n\t\t\t\t\t\t\t\t\t\t\t\t\t<\/span>\n\t\t\t\t\t<\/button>\n\t\t\t\t<\/div>\n\t\t\t<\/div>\n\t\t<\/form>\n\t\t\t\t\t\t<\/div>\n\t\t\t\t<\/div>\n\t\t\t\t\t<\/div>\n\t\t\t\t<\/div>\n\t\t\t\t<\/div>\n\t\t","protected":false},"excerpt":{"rendered":"<p>\u00c0 travers ce guide, ATTAC Maroc, membre du r\u00e9seau international du Comit\u00e9 pour l\u2019abolition des dettes illicites (CAUD), souhaite renforcer et consolider les liens avec ses membres, notamment les nouveaux membres.Ce guide vous fournit les informations les plus importantes sur l\u2019association, notamment les modalit\u00e9s d\u2019adh\u00e9sion, vos droits et responsabilit\u00e9s, ainsi que son fonctionnement.Association ATAC MarocATAC [&hellip;]<\/p>\n","protected":false},"author":11,"featured_media":0,"parent":0,"menu_order":0,"comment_status":"closed","ping_status":"closed","template":"elementor_header_footer","meta":{"_monsterinsights_skip_tracking":false,"_monsterinsights_sitenote_active":false,"_monsterinsights_sitenote_note":"","_monsterinsights_sitenote_category":0,"footnotes":""},"class_list":["post-1828","page","type-page","status-publish","hentry"],"_links":{"self":[{"href":"https:\/\/attacmaroc.org\/fr\/wp-json\/wp\/v2\/pages\/1828","targetHints":{"allow":["GET"]}}],"collection":[{"href":"https:\/\/attacmaroc.org\/fr\/wp-json\/wp\/v2\/pages"}],"about":[{"href":"https:\/\/attacmaroc.org\/fr\/wp-json\/wp\/v2\/types\/page"}],"author":[{"embeddable":true,"href":"https:\/\/attacmaroc.org\/fr\/wp-json\/wp\/v2\/users\/11"}],"replies":[{"embeddable":true,"href":"https:\/\/attacmaroc.org\/fr\/wp-json\/wp\/v2\/comments?post=1828"}],"version-history":[{"count":12,"href":"https:\/\/attacmaroc.org\/fr\/wp-json\/wp\/v2\/pages\/1828\/revisions"}],"predecessor-version":[{"id":2187,"href":"https:\/\/attacmaroc.org\/fr\/wp-json\/wp\/v2\/pages\/1828\/revisions\/2187"}],"wp:attachment":[{"href":"https:\/\/attacmaroc.org\/fr\/wp-json\/wp\/v2\/media?parent=1828"}],"curies":[{"name":"wp","href":"https:\/\/api.w.org\/{rel}","templated":true}]}}